{"id":13715,"date":"2018-06-24T21:12:33","date_gmt":"2018-06-25T00:12:33","guid":{"rendered":"http:\/\/mosaicmusic.com.br\/?page_id=13715"},"modified":"2025-01-24T12:46:31","modified_gmt":"2025-01-24T15:46:31","slug":"home","status":"publish","type":"page","link":"https:\/\/mosaicmusic.com.br\/","title":{"rendered":"Sejam Bem-vindos!"},"content":{"rendered":"<h4 style=\"text-align: center;\">Ver Som<\/h4>\n<h4 style=\"text-align: center;\">O mundo \u00e9 nosso palco.<br \/>\nA vida \u00e9 nossa arte, nossa m\u00fasica.<br \/>\nN\u00f3s somos os m\u00fasicos.<br \/>\nProtagonistas que somos, devemos escolher o que queremos tocar<br \/>\ne apresentar sempre um show inesquec\u00edvel!<br \/>\nOu\u00e7a&#8230;fa\u00e7a da vida um belo espet\u00e1culo musical!<\/h4>\n<h4 style=\"text-align: center;\">Maykira<\/h4>\n","protected":false},"excerpt":{"rendered":"<p>Ver Som O mundo \u00e9 nosso palco. A vida \u00e9 nossa arte, nossa m\u00fasica. N\u00f3s&hellip;<a href=\"https:\/\/mosaicmusic.com.br\/\" class=\"more-link\"><span class=\"more-button\">Continue reading<span class=\"screen-reader-text\">Sejam Bem-vindos!<\/span><\/span><\/a><\/p>\n","protected":false},"author":1,"featured_media":0,"parent":0,"menu_order":0,"comment_status":"closed","ping_status":"closed","template":"","meta":{"footnotes":""},"class_list":["post-13715","page","type-page","status-publish","hentry"],"yoast_head":"<!-- This site is optimized with the Yoast SEO plugin v27.2 - https:\/\/yoast.com\/product\/yoast-seo-wordpress\/ -->\n<title>Sejam Bem-vindos! - Mosaico de M\u00fasica<\/title>\n<meta name=\"robots\" content=\"index, follow, max-snippet:-1, max-image-preview:large, max-video-preview:-1\" \/>\n<link rel=\"canonical\" href=\"https:\/\/mosaicmusic.com.br\/\" \/>\n<meta property=\"og:locale\" content=\"pt_BR\" \/>\n<meta property=\"og:type\" content=\"article\" \/>\n<meta property=\"og:title\" content=\"Sejam Bem-vindos! - Mosaico de M\u00fasica\" \/>\n<meta property=\"og:description\" content=\"Ver Som O mundo \u00e9 nosso palco. A vida \u00e9 nossa arte, nossa m\u00fasica. N\u00f3s&hellip;Continue readingSejam Bem-vindos!\" \/>\n<meta property=\"og:url\" content=\"https:\/\/mosaicmusic.com.br\/\" \/>\n<meta property=\"og:site_name\" content=\"Mosaico de M\u00fasica\" \/>\n<meta property=\"article:modified_time\" content=\"2025-01-24T15:46:31+00:00\" \/>\n<meta name=\"twitter:card\" content=\"summary_large_image\" \/>\n<script type=\"application\/ld+json\" class=\"yoast-schema-graph\">{\"@context\":\"https:\/\/schema.org\",\"@graph\":[{\"@type\":\"WebPage\",\"@id\":\"https:\/\/mosaicmusic.com.br\/\",\"url\":\"https:\/\/mosaicmusic.com.br\/\",\"name\":\"Sejam Bem-vindos! - Mosaico de M\u00fasica\",\"isPartOf\":{\"@id\":\"https:\/\/mosaicmusic.com.br\/#website\"},\"datePublished\":\"2018-06-25T00:12:33+00:00\",\"dateModified\":\"2025-01-24T15:46:31+00:00\",\"breadcrumb\":{\"@id\":\"https:\/\/mosaicmusic.com.br\/#breadcrumb\"},\"inLanguage\":\"pt-BR\",\"potentialAction\":[{\"@type\":\"ReadAction\",\"target\":[\"https:\/\/mosaicmusic.com.br\/\"]}]},{\"@type\":\"BreadcrumbList\",\"@id\":\"https:\/\/mosaicmusic.com.br\/#breadcrumb\",\"itemListElement\":[{\"@type\":\"ListItem\",\"position\":1,\"name\":\"In\u00edcio\",\"item\":\"https:\/\/mosaicmusic.com.br\/\"},{\"@type\":\"ListItem\",\"position\":2,\"name\":\"Sejam Bem-vindos!\"}]},{\"@type\":\"WebSite\",\"@id\":\"https:\/\/mosaicmusic.com.br\/#website\",\"url\":\"https:\/\/mosaicmusic.com.br\/\",\"name\":\"Mosaico de M\u00fasica\",\"description\":\"A trilha para o mundo da m\u00fasica nacional e internacional\",\"publisher\":{\"@id\":\"https:\/\/mosaicmusic.com.br\/#\/schema\/person\/a51b572c50b186b5a5d6bd9e4cc7f254\"},\"potentialAction\":[{\"@type\":\"SearchAction\",\"target\":{\"@type\":\"EntryPoint\",\"urlTemplate\":\"https:\/\/mosaicmusic.com.br\/?s={search_term_string}\"},\"query-input\":{\"@type\":\"PropertyValueSpecification\",\"valueRequired\":true,\"valueName\":\"search_term_string\"}}],\"inLanguage\":\"pt-BR\"},{\"@type\":[\"Person\",\"Organization\"],\"@id\":\"https:\/\/mosaicmusic.com.br\/#\/schema\/person\/a51b572c50b186b5a5d6bd9e4cc7f254\",\"name\":\"admin\",\"image\":{\"@type\":\"ImageObject\",\"inLanguage\":\"pt-BR\",\"@id\":\"https:\/\/secure.gravatar.com\/avatar\/8c0c00afc8e56bddf8f994f984163085e4cc6ec6735d3d928f7e1803107f6720?s=96&d=mm&r=g\",\"url\":\"https:\/\/secure.gravatar.com\/avatar\/8c0c00afc8e56bddf8f994f984163085e4cc6ec6735d3d928f7e1803107f6720?s=96&d=mm&r=g\",\"contentUrl\":\"https:\/\/secure.gravatar.com\/avatar\/8c0c00afc8e56bddf8f994f984163085e4cc6ec6735d3d928f7e1803107f6720?s=96&d=mm&r=g\",\"caption\":\"admin\"},\"logo\":{\"@id\":\"https:\/\/secure.gravatar.com\/avatar\/8c0c00afc8e56bddf8f994f984163085e4cc6ec6735d3d928f7e1803107f6720?s=96&d=mm&r=g\"}}]}<\/script>\n<!-- \/ Yoast SEO plugin. -->","yoast_head_json":{"title":"Sejam Bem-vindos! - Mosaico de M\u00fasica","robots":{"index":"index","follow":"follow","max-snippet":"max-snippet:-1","max-image-preview":"max-image-preview:large","max-video-preview":"max-video-preview:-1"},"canonical":"https:\/\/mosaicmusic.com.br\/","og_locale":"pt_BR","og_type":"article","og_title":"Sejam Bem-vindos! - Mosaico de M\u00fasica","og_description":"Ver Som O mundo \u00e9 nosso palco. A vida \u00e9 nossa arte, nossa m\u00fasica. N\u00f3s&hellip;Continue readingSejam Bem-vindos!","og_url":"https:\/\/mosaicmusic.com.br\/","og_site_name":"Mosaico de M\u00fasica","article_modified_time":"2025-01-24T15:46:31+00:00","twitter_card":"summary_large_image","schema":{"@context":"https:\/\/schema.org","@graph":[{"@type":"WebPage","@id":"https:\/\/mosaicmusic.com.br\/","url":"https:\/\/mosaicmusic.com.br\/","name":"Sejam Bem-vindos! - Mosaico de M\u00fasica","isPartOf":{"@id":"https:\/\/mosaicmusic.com.br\/#website"},"datePublished":"2018-06-25T00:12:33+00:00","dateModified":"2025-01-24T15:46:31+00:00","breadcrumb":{"@id":"https:\/\/mosaicmusic.com.br\/#breadcrumb"},"inLanguage":"pt-BR","potentialAction":[{"@type":"ReadAction","target":["https:\/\/mosaicmusic.com.br\/"]}]},{"@type":"BreadcrumbList","@id":"https:\/\/mosaicmusic.com.br\/#breadcrumb","itemListElement":[{"@type":"ListItem","position":1,"name":"In\u00edcio","item":"https:\/\/mosaicmusic.com.br\/"},{"@type":"ListItem","position":2,"name":"Sejam Bem-vindos!"}]},{"@type":"WebSite","@id":"https:\/\/mosaicmusic.com.br\/#website","url":"https:\/\/mosaicmusic.com.br\/","name":"Mosaico de M\u00fasica","description":"A trilha para o mundo da m\u00fasica nacional e internacional","publisher":{"@id":"https:\/\/mosaicmusic.com.br\/#\/schema\/person\/a51b572c50b186b5a5d6bd9e4cc7f254"},"potentialAction":[{"@type":"SearchAction","target":{"@type":"EntryPoint","urlTemplate":"https:\/\/mosaicmusic.com.br\/?s={search_term_string}"},"query-input":{"@type":"PropertyValueSpecification","valueRequired":true,"valueName":"search_term_string"}}],"inLanguage":"pt-BR"},{"@type":["Person","Organization"],"@id":"https:\/\/mosaicmusic.com.br\/#\/schema\/person\/a51b572c50b186b5a5d6bd9e4cc7f254","name":"admin","image":{"@type":"ImageObject","inLanguage":"pt-BR","@id":"https:\/\/secure.gravatar.com\/avatar\/8c0c00afc8e56bddf8f994f984163085e4cc6ec6735d3d928f7e1803107f6720?s=96&d=mm&r=g","url":"https:\/\/secure.gravatar.com\/avatar\/8c0c00afc8e56bddf8f994f984163085e4cc6ec6735d3d928f7e1803107f6720?s=96&d=mm&r=g","contentUrl":"https:\/\/secure.gravatar.com\/avatar\/8c0c00afc8e56bddf8f994f984163085e4cc6ec6735d3d928f7e1803107f6720?s=96&d=mm&r=g","caption":"admin"},"logo":{"@id":"https:\/\/secure.gravatar.com\/avatar\/8c0c00afc8e56bddf8f994f984163085e4cc6ec6735d3d928f7e1803107f6720?s=96&d=mm&r=g"}}]}},"_links":{"self":[{"href":"https:\/\/mosaicmusic.com.br\/index.php?rest_route=\/wp\/v2\/pages\/13715","targetHints":{"allow":["GET"]}}],"collection":[{"href":"https:\/\/mosaicmusic.com.br\/index.php?rest_route=\/wp\/v2\/pages"}],"about":[{"href":"https:\/\/mosaicmusic.com.br\/index.php?rest_route=\/wp\/v2\/types\/page"}],"author":[{"embeddable":true,"href":"https:\/\/mosaicmusic.com.br\/index.php?rest_route=\/wp\/v2\/users\/1"}],"replies":[{"embeddable":true,"href":"https:\/\/mosaicmusic.com.br\/index.php?rest_route=%2Fwp%2Fv2%2Fcomments&post=13715"}],"version-history":[{"count":0,"href":"https:\/\/mosaicmusic.com.br\/index.php?rest_route=\/wp\/v2\/pages\/13715\/revisions"}],"wp:attachment":[{"href":"https:\/\/mosaicmusic.com.br\/index.php?rest_route=%2Fwp%2Fv2%2Fmedia&parent=13715"}],"curies":[{"name":"wp","href":"https:\/\/api.w.org\/{rel}","templated":true}]}}